{"id":324,"date":"2016-12-01T18:35:10","date_gmt":"2016-12-01T17:35:10","guid":{"rendered":"http:\/\/runningtour.paris\/?page_id=324"},"modified":"2026-02-05T11:09:45","modified_gmt":"2026-02-05T10:09:45","slug":"reservation","status":"publish","type":"page","link":"https:\/\/parisrunningtour.com\/fr\/reservation\/","title":{"rendered":"R\u00c9SERVATION"},"content":{"rendered":"\t\t<div data-elementor-type=\"wp-page\" data-elementor-id=\"324\" class=\"elementor elementor-324\" data-elementor-post-type=\"page\">\n\t\t\t\t<div class=\"elementor-element elementor-element-18016ad5 e-flex e-con-boxed wpr-particle-no wpr-jarallax-no wpr-parallax-no wpr-sticky-section-no wpr-equal-height-no e-con e-parent\" data-id=\"18016ad5\" data-element_type=\"container\" data-e-type=\"container\" data-settings=\"{&quot;background_background&quot;:&quot;classic&quot;}\">\n\t\t\t\t\t<div class=\"e-con-inner\">\n\t\t<div class=\"elementor-element elementor-element-7b7f1a89 e-con-full e-flex wpr-particle-no wpr-jarallax-no wpr-parallax-no wpr-sticky-section-no wpr-equal-height-no e-con e-child\" data-id=\"7b7f1a89\" data-element_type=\"container\" data-e-type=\"container\">\n\t\t\t\t<div class=\"elementor-element elementor-element-2332f5a1 elementor-widget elementor-widget-heading\" data-id=\"2332f5a1\" data-element_type=\"widget\" data-e-type=\"widget\" data-widget_type=\"heading.default\">\n\t\t\t\t\t<h2 class=\"elementor-heading-title elementor-size-default\">R\u00c9SERVEZ VOTRE TOUR<\/h2>\t\t\t\t<\/div>\n\t\t\t\t<\/div>\n\t\t\t\t\t<\/div>\n\t\t\t\t<\/div>\n\t\t<div class=\"elementor-element elementor-element-85ac0d4 e-flex e-con-boxed wpr-particle-no wpr-jarallax-no wpr-parallax-no wpr-sticky-section-no wpr-equal-height-no e-con e-parent\" data-id=\"85ac0d4\" data-element_type=\"container\" data-e-type=\"container\">\n\t\t\t\t\t<div class=\"e-con-inner\">\n\t\t\t\t<div class=\"elementor-element elementor-element-b8ad92c elementor-widget elementor-widget-shortcode\" data-id=\"b8ad92c\" data-element_type=\"widget\" data-e-type=\"widget\" data-widget_type=\"shortcode.default\">\n\t\t\t\t\t\t\t<div class=\"elementor-shortcode\">\n<script>\n  if (typeof hasAmeliaEntitiesApiCall === 'undefined' && ('' === '' && '' !== '1')) {\n    var hasAmeliaEntitiesApiCall = true;\n  }\n  var ameliaShortcodeData = (typeof ameliaShortcodeData === 'undefined') ? [] : ameliaShortcodeData;\n  ameliaShortcodeData.push(\n    {\n      'hasApiCall': (typeof hasAmeliaEntitiesApiCall !== 'undefined') && hasAmeliaEntitiesApiCall,\n      'trigger': '',\n      'trigger_type': '',\n      'triggered_form': 'sbsNew',\n      'in_dialog': '',\n      'show': '',\n      'counter': '1000',\n      'category': '2',\n      'service': '',\n      'employee': '',\n      'location': '',\n      'package': '',\n      'layout': '',\n    }\n  );\n\n  var ameliaShortcodeDataTriggered = (typeof ameliaShortcodeDataTriggered === 'undefined') ? [] : ameliaShortcodeDataTriggered;\n  if (ameliaShortcodeData[ameliaShortcodeData.length - 1].trigger !== '') {\n    if (ameliaShortcodeDataTriggered.filter(a => a.counter === ameliaShortcodeData[ameliaShortcodeData.length - 1].counter).length === 0) {\n      ameliaShortcodeDataTriggered.push(ameliaShortcodeData.pop());\n    } else {\n      ameliaShortcodeData.pop()\n    }\n  }\n  if (typeof hasAmeliaEntitiesApiCall !== 'undefined' && hasAmeliaEntitiesApiCall) {\n    hasAmeliaEntitiesApiCall = false;\n  }\n<\/script>\n\n<div\n  id=\"amelia-v2-booking-1000\"\n  class=\"amelia-v2-booking\"\n >\n    <step-form-wrapper><\/step-form-wrapper><\/div>\n<\/div>\n\t\t\t\t\t\t<\/div>\n\t\t\t\t\t<\/div>\n\t\t\t\t<\/div>\n\t\t<div class=\"elementor-element elementor-element-ddec864 e-flex e-con-boxed wpr-particle-no wpr-jarallax-no wpr-parallax-no wpr-sticky-section-no wpr-equal-height-no e-con e-parent\" data-id=\"ddec864\" data-element_type=\"container\" data-e-type=\"container\" data-settings=\"{&quot;background_background&quot;:&quot;classic&quot;}\">\n\t\t\t\t\t<div class=\"e-con-inner\">\n\t\t\t\t<div class=\"elementor-element elementor-element-87f0b1d elementor-widget elementor-widget-heading\" data-id=\"87f0b1d\" data-element_type=\"widget\" data-e-type=\"widget\" data-widget_type=\"heading.default\">\n\t\t\t\t\t<h2 class=\"elementor-heading-title elementor-size-default\">NOS TOURS<\/h2>\t\t\t\t<\/div>\n\t\t\t\t<div class=\"elementor-element elementor-element-847dc7b elementor-widget elementor-widget-heading\" data-id=\"847dc7b\" data-element_type=\"widget\" data-e-type=\"widget\" data-widget_type=\"heading.default\">\n\t\t\t\t\t<h2 class=\"elementor-heading-title elementor-size-default\">OFFREZ-VOUS UNE VISITE INOUBLIABLE<\/h2>\t\t\t\t<\/div>\n\t\t\t\t<div class=\"elementor-element elementor-element-ad05735 elementor-widget elementor-widget-text-editor\" data-id=\"ad05735\" data-element_type=\"widget\" data-e-type=\"widget\" data-widget_type=\"text-editor.default\">\n\t\t\t\t\t\t\t\t\t<p>Pour un voyage d\u2019affaires rapide, ou pour un s\u00e9jour plus long en famille ou entre amis ? Quelle chance ! La capitale regorge de tr\u00e9sors. Mais quand on arrive \u00e0 Paris, on ne sait pas forc\u00e9ment par o\u00f9 commencer\u2026<\/p>\t\t\t\t\t\t\t\t<\/div>\n\t\t\t\t\t<\/div>\n\t\t\t\t<\/div>\n\t\t<div class=\"elementor-element elementor-element-0bebdb0 e-grid e-con-boxed wpr-particle-no wpr-jarallax-no wpr-parallax-no wpr-sticky-section-no wpr-equal-height-no e-con e-child\" data-id=\"0bebdb0\" data-element_type=\"container\" data-e-type=\"container\" data-settings=\"{&quot;background_background&quot;:&quot;classic&quot;}\">\n\t\t\t\t\t<div class=\"e-con-inner\">\n\t\t\t\t<div class=\"elementor-element elementor-element-61b4a4d wpr-flip-box-animation-flip wpr-flip-box-animation-3d-yes wpr-flip-box-anim-direction-right wpr-flip-box-front-align-center wpr-flip-box-back-align-center elementor-invisible elementor-widget elementor-widget-wpr-flip-box\" data-id=\"61b4a4d\" data-element_type=\"widget\" data-e-type=\"widget\" data-settings=\"{&quot;_animation&quot;:&quot;zoomIn&quot;}\" data-widget_type=\"wpr-flip-box.default\">\n\t\t\t\t\t\t\t\t\n\t\t<div class=\"wpr-flip-box\" data-trigger=\"hover\">\n\t\t\t\n\t\t\t<div class=\"wpr-flip-box-item wpr-flip-box-front wpr-anim-timing-ease-default\">\n\n\t\t\t\t<div class=\"wpr-flip-box-overlay\"><\/div>\n\n\t\t\t\t<div class=\"wpr-flip-box-content\">\n\t\t\t\t\t\n\t\t\t\t\t\t\t\t\t\t\n\t\t\t\t\t\t\t\t\t\t\t<h3 class=\"wpr-flip-box-title\">SPLENDEUR DE PARIS<\/h3>\n\t\t\t\t\t\n\t\t\t\t\t\t\n\n\t\t\t\t\t\t\n\n\t\t\t\t<\/div>\n\t\t\t<\/div>\n\n\t\t\t<div class=\"wpr-flip-box-item wpr-flip-box-back wpr-anim-timing-ease-default\">\n\n\t\t\t\t<div class=\"wpr-flip-box-overlay\"><\/div>\n\t\t\t\t\n\t\t\t\t<div class=\"wpr-flip-box-content\">\n\t\t\t\t\t\n\t\t\t\t\t\t\t\t\t\t<a class=\"wpr-flip-box-link\" href=\"https:\/\/parisrunningtour.com\/fr\/nos-tours\/\"><\/a>\t\n\t\t\t\t\t\n\t\t\t\t\t\t\t\t\t\t\n\t\t\t\t\t\t\t\t\t\t\t<h3 class=\"wpr-flip-box-title\">\n\t\t\t\t\t\t\t8km - 2h+\t\t\t\t\t\t<\/h3>\n\t\t\t\t\t\n\t\t\t\t\t\t\t\t\t\t\t<div class=\"wpr-flip-box-description\"><p>Votre tour personnalis\u00e9 : le meilleur parcours depuis votre r\u00e9sidence<\/p><\/div>\t\t\t\t\t\t\n\t\t\t\t\t\t\n\n\t\t\t\t\t\t\n\n\t\t\t\t<\/div>\n\t\t\t<\/div>\n\t\t<\/div>\n\n\t\t\t\t\t\t<\/div>\n\t\t\t\t<div class=\"elementor-element elementor-element-b5951fb wpr-flip-box-animation-flip wpr-flip-box-animation-3d-yes wpr-flip-box-anim-direction-right wpr-flip-box-front-align-center wpr-flip-box-back-align-center elementor-invisible elementor-widget elementor-widget-wpr-flip-box\" data-id=\"b5951fb\" data-element_type=\"widget\" data-e-type=\"widget\" data-settings=\"{&quot;_animation&quot;:&quot;zoomIn&quot;}\" data-widget_type=\"wpr-flip-box.default\">\n\t\t\t\t\t\t\t\t\n\t\t<div class=\"wpr-flip-box\" data-trigger=\"hover\">\n\t\t\t\n\t\t\t<div class=\"wpr-flip-box-item wpr-flip-box-front wpr-anim-timing-ease-default\">\n\n\t\t\t\t<div class=\"wpr-flip-box-overlay\"><\/div>\n\n\t\t\t\t<div class=\"wpr-flip-box-content\">\n\t\t\t\t\t\n\t\t\t\t\t\t\t\t\t\t\n\t\t\t\t\t\t\t\t\t\t\t<h3 class=\"wpr-flip-box-title\">ST GERMAIN - ILE DE LA CIT\u00c9 - QUARTIER LATIN<\/h3>\n\t\t\t\t\t\n\t\t\t\t\t\t\n\n\t\t\t\t\t\t\n\n\t\t\t\t<\/div>\n\t\t\t<\/div>\n\n\t\t\t<div class=\"wpr-flip-box-item wpr-flip-box-back wpr-anim-timing-ease-default\">\n\n\t\t\t\t<div class=\"wpr-flip-box-overlay\"><\/div>\n\t\t\t\t\n\t\t\t\t<div class=\"wpr-flip-box-content\">\n\t\t\t\t\t\n\t\t\t\t\t\t\t\t\t\t<a class=\"wpr-flip-box-link\" href=\"https:\/\/parisrunningtour.com\/fr\/nos-tours\/\"><\/a>\t\n\t\t\t\t\t\n\t\t\t\t\t\t\t\t\t\t\n\t\t\t\t\t\t\t\t\t\t\t<h3 class=\"wpr-flip-box-title\">\n\t\t\t\t\t\t\t8km - 2h+\t\t\t\t\t\t<\/h3>\n\t\t\t\t\t\n\t\t\t\t\t\t\t\t\t\t\t<div class=\"wpr-flip-box-description\"><p>Votre tour priv\u00e9 th\u00e9matique\u00a0: plongez dans l\u2019histoire des \u00ab\u00a0Cit\u00e9\u00a0\u00bb et\u00a0 \u00ab\u00a0Universit\u00e9\u00a0\u00bb<\/p><\/div>\t\t\t\t\t\t\n\t\t\t\t\t\t\n\n\t\t\t\t\t\t\n\n\t\t\t\t<\/div>\n\t\t\t<\/div>\n\t\t<\/div>\n\n\t\t\t\t\t\t<\/div>\n\t\t\t\t<div class=\"elementor-element elementor-element-97692a8 wpr-flip-box-animation-flip wpr-flip-box-animation-3d-yes wpr-flip-box-anim-direction-right wpr-flip-box-front-align-center wpr-flip-box-back-align-center elementor-invisible elementor-widget elementor-widget-wpr-flip-box\" data-id=\"97692a8\" data-element_type=\"widget\" data-e-type=\"widget\" data-settings=\"{&quot;_animation&quot;:&quot;zoomIn&quot;}\" data-widget_type=\"wpr-flip-box.default\">\n\t\t\t\t\t\t\t\t\n\t\t<div class=\"wpr-flip-box\" data-trigger=\"hover\">\n\t\t\t\n\t\t\t<div class=\"wpr-flip-box-item wpr-flip-box-front wpr-anim-timing-ease-default\">\n\n\t\t\t\t<div class=\"wpr-flip-box-overlay\"><\/div>\n\n\t\t\t\t<div class=\"wpr-flip-box-content\">\n\t\t\t\t\t\n\t\t\t\t\t\t\t\t\t\t\n\t\t\t\t\t\t\t\t\t\t\t<h3 class=\"wpr-flip-box-title\">R\u00c9PUBLIQUE FRAN\u00c7AISE ET LIEUX DE POUVOIR<\/h3>\n\t\t\t\t\t\n\t\t\t\t\t\t\n\n\t\t\t\t\t\t\n\n\t\t\t\t<\/div>\n\t\t\t<\/div>\n\n\t\t\t<div class=\"wpr-flip-box-item wpr-flip-box-back wpr-anim-timing-ease-default\">\n\n\t\t\t\t<div class=\"wpr-flip-box-overlay\"><\/div>\n\t\t\t\t\n\t\t\t\t<div class=\"wpr-flip-box-content\">\n\t\t\t\t\t\n\t\t\t\t\t\t\t\t\t\t<a class=\"wpr-flip-box-link\" href=\"https:\/\/parisrunningtour.com\/fr\/nos-tours\/\"><\/a>\t\n\t\t\t\t\t\n\t\t\t\t\t\t\t\t\t\t\n\t\t\t\t\t\t\t\t\t\t\t<h3 class=\"wpr-flip-box-title\">\n\t\t\t\t\t\t\t8km - 2h+\t\t\t\t\t\t<\/h3>\n\t\t\t\t\t\n\t\t\t\t\t\t\t\t\t\t\t<div class=\"wpr-flip-box-description\"><div class=\"et_pb_text et_pb_module et_pb_bg_layout_light et_pb_text_align_center  et_pb_text_14\"><p>Votre tour priv\u00e9 th\u00e9matique\u00a0: lieux de pouvoir \u00e0 Paris, actuels et pass\u00e9s,\u00a0<em>Parlement<\/em>, Minist\u00e8res, Ambassades\u2026<\/p><\/div><\/div>\t\t\t\t\t\t\n\t\t\t\t\t\t\n\n\t\t\t\t\t\t\n\n\t\t\t\t<\/div>\n\t\t\t<\/div>\n\t\t<\/div>\n\n\t\t\t\t\t\t<\/div>\n\t\t\t\t<div class=\"elementor-element elementor-element-a588f70 wpr-flip-box-animation-flip wpr-flip-box-animation-3d-yes wpr-flip-box-anim-direction-right wpr-flip-box-front-align-center wpr-flip-box-back-align-center elementor-invisible elementor-widget elementor-widget-wpr-flip-box\" data-id=\"a588f70\" data-element_type=\"widget\" data-e-type=\"widget\" data-settings=\"{&quot;_animation&quot;:&quot;zoomIn&quot;}\" data-widget_type=\"wpr-flip-box.default\">\n\t\t\t\t\t\t\t\t\n\t\t<div class=\"wpr-flip-box\" data-trigger=\"hover\">\n\t\t\t\n\t\t\t<div class=\"wpr-flip-box-item wpr-flip-box-front wpr-anim-timing-ease-default\">\n\n\t\t\t\t<div class=\"wpr-flip-box-overlay\"><\/div>\n\n\t\t\t\t<div class=\"wpr-flip-box-content\">\n\t\t\t\t\t\n\t\t\t\t\t\t\t\t\t\t\n\t\t\t\t\t\t\t\t\t\t\t<h3 class=\"wpr-flip-box-title\">ENCEINTES ET FORTIFICATIONS PARISIENNES<\/h3>\n\t\t\t\t\t\n\t\t\t\t\t\t\n\n\t\t\t\t\t\t\n\n\t\t\t\t<\/div>\n\t\t\t<\/div>\n\n\t\t\t<div class=\"wpr-flip-box-item wpr-flip-box-back wpr-anim-timing-ease-default\">\n\n\t\t\t\t<div class=\"wpr-flip-box-overlay\"><\/div>\n\t\t\t\t\n\t\t\t\t<div class=\"wpr-flip-box-content\">\n\t\t\t\t\t\n\t\t\t\t\t\t\t\t\t\t<a class=\"wpr-flip-box-link\" href=\"http:\/\/Nos%20tours\"><\/a>\t\n\t\t\t\t\t\n\t\t\t\t\t\t\t\t\t\t\n\t\t\t\t\t\t\t\t\t\t\t<h3 class=\"wpr-flip-box-title\">\n\t\t\t\t\t\t\t8km - 2h+\t\t\t\t\t\t<\/h3>\n\t\t\t\t\t\n\t\t\t\t\t\t\t\t\t\t\t<div class=\"wpr-flip-box-description\"><p>Votre tour priv\u00e9 th\u00e9matique : d\u00e9couvrez l\u2019\u00e9volution de Paris avec les murs d\u2019enceintes de la capitale<\/p><\/div>\t\t\t\t\t\t\n\t\t\t\t\t\t\n\n\t\t\t\t\t\t\n\n\t\t\t\t<\/div>\n\t\t\t<\/div>\n\t\t<\/div>\n\n\t\t\t\t\t\t<\/div>\n\t\t\t\t\t<\/div>\n\t\t\t\t<\/div>\n\t\t<div class=\"elementor-element elementor-element-87b0a91 e-flex e-con-boxed wpr-particle-no wpr-jarallax-no wpr-parallax-no wpr-sticky-section-no wpr-equal-height-no e-con e-parent\" data-id=\"87b0a91\" data-element_type=\"container\" data-e-type=\"container\" data-settings=\"{&quot;background_background&quot;:&quot;classic&quot;}\">\n\t\t\t\t\t<div class=\"e-con-inner\">\n\t\t\t\t<div class=\"elementor-element elementor-element-89d69cc elementor-align-center elementor-widget elementor-widget-button\" data-id=\"89d69cc\" data-element_type=\"widget\" data-e-type=\"widget\" data-widget_type=\"button.default\">\n\t\t\t\t\t\t\t\t\t\t<a class=\"elementor-button elementor-button-link elementor-size-sm\" href=\"https:\/\/parisrunningtour.com\/fr\/nos-tours\/\">\n\t\t\t\t\t\t<span class=\"elementor-button-content-wrapper\">\n\t\t\t\t\t\t\t\t\t<span class=\"elementor-button-text\">D\u00e9couvrez tous nos tours<\/span>\n\t\t\t\t\t<\/span>\n\t\t\t\t\t<\/a>\n\t\t\t\t\t\t\t\t<\/div>\n\t\t\t\t\t<\/div>\n\t\t\t\t<\/div>\n\t\t\t\t<\/div>\n\t\t","protected":false},"excerpt":{"rendered":"<p>R\u00c9SERVEZ VOTRE TOUR NOS TOURS OFFREZ-VOUS UNE VISITE INOUBLIABLE Pour un voyage d\u2019affaires rapide, ou pour un s\u00e9jour plus long en famille ou entre amis ? Quelle chance ! La capitale regorge de tr\u00e9sors. Mais quand on arrive \u00e0 Paris, on ne sait pas forc\u00e9ment par o\u00f9 commencer\u2026 SPLENDEUR DE PARIS 8km &#8211; 2h+ Votre tour personnalis\u00e9 : le meilleur parcours depuis votre r\u00e9sidence ST GERMAIN &#8211; ILE DE LA CIT\u00c9 &#8211; QUARTIER LATIN 8km &#8211; 2h+ Votre tour priv\u00e9 th\u00e9matique\u00a0: plongez dans l\u2019histoire des \u00ab\u00a0Cit\u00e9\u00a0\u00bb et\u00a0 \u00ab\u00a0Universit\u00e9\u00a0\u00bb R\u00c9PUBLIQUE FRAN\u00c7AISE ET LIEUX DE POUVOIR 8km &#8211; 2h+ Votre tour priv\u00e9 th\u00e9matique\u00a0: lieux de pouvoir \u00e0 Paris, actuels et pass\u00e9s,\u00a0Parlement, Minist\u00e8res, Ambassades\u2026 ENCEINTES ET FORTIFICATIONS PARISIENNES 8km &#8211; 2h+ Votre tour priv\u00e9 th\u00e9matique : d\u00e9couvrez l\u2019\u00e9volution de Paris avec les murs d\u2019enceintes de la capitale D\u00e9couvrez tous nos tours<\/p>\n","protected":false},"author":1,"featured_media":0,"parent":0,"menu_order":0,"comment_status":"closed","ping_status":"closed","template":"","meta":{"footnotes":""},"class_list":["post-324","page","type-page","status-publish","hentry"],"yoast_head":"<!-- This site is optimized with the Yoast SEO plugin v27.5 - https:\/\/yoast.com\/product\/yoast-seo-wordpress\/ -->\n<title>R\u00c9SERVATION - Paris Running Tours<\/title>\n<meta name=\"robots\" content=\"index, follow, max-snippet:-1, max-image-preview:large, max-video-preview:-1\" \/>\n<link rel=\"canonical\" href=\"https:\/\/parisrunningtour.com\/fr\/reservation\/\" \/>\n<meta property=\"og:locale\" content=\"fr_FR\" \/>\n<meta property=\"og:type\" content=\"article\" \/>\n<meta property=\"og:title\" content=\"R\u00c9SERVATION - Paris Running Tours\" \/>\n<meta property=\"og:description\" content=\"R\u00c9SERVEZ VOTRE TOUR NOS TOURS OFFREZ-VOUS UNE VISITE INOUBLIABLE Pour un voyage d\u2019affaires rapide, ou pour un s\u00e9jour plus long en famille ou entre amis ? Quelle chance ! La capitale regorge de tr\u00e9sors. Mais quand on arrive \u00e0 Paris, on ne sait pas forc\u00e9ment par o\u00f9 commencer\u2026 SPLENDEUR DE PARIS 8km &#8211; 2h+ Votre tour personnalis\u00e9 : le meilleur parcours depuis votre r\u00e9sidence ST GERMAIN &#8211; ILE DE LA CIT\u00c9 &#8211; QUARTIER LATIN 8km &#8211; 2h+ Votre tour priv\u00e9 th\u00e9matique\u00a0: plongez dans l\u2019histoire des \u00ab\u00a0Cit\u00e9\u00a0\u00bb et\u00a0 \u00ab\u00a0Universit\u00e9\u00a0\u00bb R\u00c9PUBLIQUE FRAN\u00c7AISE ET LIEUX DE POUVOIR 8km &#8211; 2h+ Votre tour priv\u00e9 th\u00e9matique\u00a0: lieux de pouvoir \u00e0 Paris, actuels et pass\u00e9s,\u00a0Parlement, Minist\u00e8res, Ambassades\u2026 ENCEINTES ET FORTIFICATIONS PARISIENNES 8km &#8211; 2h+ Votre tour priv\u00e9 th\u00e9matique : d\u00e9couvrez l\u2019\u00e9volution de Paris avec les murs d\u2019enceintes de la capitale D\u00e9couvrez tous nos tours\" \/>\n<meta property=\"og:url\" content=\"https:\/\/parisrunningtour.com\/fr\/reservation\/\" \/>\n<meta property=\"og:site_name\" content=\"Paris Running Tours\" \/>\n<meta property=\"article:modified_time\" content=\"2026-02-05T10:09:45+00:00\" \/>\n<meta name=\"twitter:card\" content=\"summary_large_image\" \/>\n<meta name=\"twitter:label1\" content=\"Dur\u00e9e de lecture estim\u00e9e\" \/>\n\t<meta name=\"twitter:data1\" content=\"1 minute\" \/>\n<script type=\"application\/ld+json\" class=\"yoast-schema-graph\">{\"@context\":\"https:\\\/\\\/schema.org\",\"@graph\":[{\"@type\":\"WebPage\",\"@id\":\"https:\\\/\\\/parisrunningtour.com\\\/fr\\\/reservation\\\/\",\"url\":\"https:\\\/\\\/parisrunningtour.com\\\/fr\\\/reservation\\\/\",\"name\":\"R\u00c9SERVATION - Paris Running Tours\",\"isPartOf\":{\"@id\":\"https:\\\/\\\/parisrunningtour.com\\\/fr\\\/#website\"},\"datePublished\":\"2016-12-01T17:35:10+00:00\",\"dateModified\":\"2026-02-05T10:09:45+00:00\",\"breadcrumb\":{\"@id\":\"https:\\\/\\\/parisrunningtour.com\\\/fr\\\/reservation\\\/#breadcrumb\"},\"inLanguage\":\"fr-FR\",\"potentialAction\":[{\"@type\":\"ReadAction\",\"target\":[\"https:\\\/\\\/parisrunningtour.com\\\/fr\\\/reservation\\\/\"]}]},{\"@type\":\"BreadcrumbList\",\"@id\":\"https:\\\/\\\/parisrunningtour.com\\\/fr\\\/reservation\\\/#breadcrumb\",\"itemListElement\":[{\"@type\":\"ListItem\",\"position\":1,\"name\":\"Accueil\",\"item\":\"https:\\\/\\\/parisrunningtour.com\\\/fr\\\/\"},{\"@type\":\"ListItem\",\"position\":2,\"name\":\"R\u00c9SERVATION\"}]},{\"@type\":\"WebSite\",\"@id\":\"https:\\\/\\\/parisrunningtour.com\\\/fr\\\/#website\",\"url\":\"https:\\\/\\\/parisrunningtour.com\\\/fr\\\/\",\"name\":\"Paris Running Tours\",\"description\":\"D\u00e9couvrir Paris en courant\",\"publisher\":{\"@id\":\"https:\\\/\\\/parisrunningtour.com\\\/fr\\\/#organization\"},\"potentialAction\":[{\"@type\":\"SearchAction\",\"target\":{\"@type\":\"EntryPoint\",\"urlTemplate\":\"https:\\\/\\\/parisrunningtour.com\\\/fr\\\/?s={search_term_string}\"},\"query-input\":{\"@type\":\"PropertyValueSpecification\",\"valueRequired\":true,\"valueName\":\"search_term_string\"}}],\"inLanguage\":\"fr-FR\"},{\"@type\":\"Organization\",\"@id\":\"https:\\\/\\\/parisrunningtour.com\\\/fr\\\/#organization\",\"name\":\"Paris Running Tours\",\"url\":\"https:\\\/\\\/parisrunningtour.com\\\/fr\\\/\",\"logo\":{\"@type\":\"ImageObject\",\"inLanguage\":\"fr-FR\",\"@id\":\"https:\\\/\\\/parisrunningtour.com\\\/fr\\\/#\\\/schema\\\/logo\\\/image\\\/\",\"url\":\"https:\\\/\\\/parisrunningtour.com\\\/fr\\\/wp-content\\\/uploads\\\/sites\\\/1\\\/2016\\\/12\\\/cropped-faviconPRT.png\",\"contentUrl\":\"https:\\\/\\\/parisrunningtour.com\\\/fr\\\/wp-content\\\/uploads\\\/sites\\\/1\\\/2016\\\/12\\\/cropped-faviconPRT.png\",\"width\":512,\"height\":512,\"caption\":\"Paris Running Tours\"},\"image\":{\"@id\":\"https:\\\/\\\/parisrunningtour.com\\\/fr\\\/#\\\/schema\\\/logo\\\/image\\\/\"}}]}<\/script>\n<!-- \/ Yoast SEO plugin. -->","yoast_head_json":{"title":"R\u00c9SERVATION - Paris Running Tours","robots":{"index":"index","follow":"follow","max-snippet":"max-snippet:-1","max-image-preview":"max-image-preview:large","max-video-preview":"max-video-preview:-1"},"canonical":"https:\/\/parisrunningtour.com\/fr\/reservation\/","og_locale":"fr_FR","og_type":"article","og_title":"R\u00c9SERVATION - Paris Running Tours","og_description":"R\u00c9SERVEZ VOTRE TOUR NOS TOURS OFFREZ-VOUS UNE VISITE INOUBLIABLE Pour un voyage d\u2019affaires rapide, ou pour un s\u00e9jour plus long en famille ou entre amis ? Quelle chance ! La capitale regorge de tr\u00e9sors. Mais quand on arrive \u00e0 Paris, on ne sait pas forc\u00e9ment par o\u00f9 commencer\u2026 SPLENDEUR DE PARIS 8km &#8211; 2h+ Votre tour personnalis\u00e9 : le meilleur parcours depuis votre r\u00e9sidence ST GERMAIN &#8211; ILE DE LA CIT\u00c9 &#8211; QUARTIER LATIN 8km &#8211; 2h+ Votre tour priv\u00e9 th\u00e9matique\u00a0: plongez dans l\u2019histoire des \u00ab\u00a0Cit\u00e9\u00a0\u00bb et\u00a0 \u00ab\u00a0Universit\u00e9\u00a0\u00bb R\u00c9PUBLIQUE FRAN\u00c7AISE ET LIEUX DE POUVOIR 8km &#8211; 2h+ Votre tour priv\u00e9 th\u00e9matique\u00a0: lieux de pouvoir \u00e0 Paris, actuels et pass\u00e9s,\u00a0Parlement, Minist\u00e8res, Ambassades\u2026 ENCEINTES ET FORTIFICATIONS PARISIENNES 8km &#8211; 2h+ Votre tour priv\u00e9 th\u00e9matique : d\u00e9couvrez l\u2019\u00e9volution de Paris avec les murs d\u2019enceintes de la capitale D\u00e9couvrez tous nos tours","og_url":"https:\/\/parisrunningtour.com\/fr\/reservation\/","og_site_name":"Paris Running Tours","article_modified_time":"2026-02-05T10:09:45+00:00","twitter_card":"summary_large_image","twitter_misc":{"Dur\u00e9e de lecture estim\u00e9e":"1 minute"},"schema":{"@context":"https:\/\/schema.org","@graph":[{"@type":"WebPage","@id":"https:\/\/parisrunningtour.com\/fr\/reservation\/","url":"https:\/\/parisrunningtour.com\/fr\/reservation\/","name":"R\u00c9SERVATION - Paris Running Tours","isPartOf":{"@id":"https:\/\/parisrunningtour.com\/fr\/#website"},"datePublished":"2016-12-01T17:35:10+00:00","dateModified":"2026-02-05T10:09:45+00:00","breadcrumb":{"@id":"https:\/\/parisrunningtour.com\/fr\/reservation\/#breadcrumb"},"inLanguage":"fr-FR","potentialAction":[{"@type":"ReadAction","target":["https:\/\/parisrunningtour.com\/fr\/reservation\/"]}]},{"@type":"BreadcrumbList","@id":"https:\/\/parisrunningtour.com\/fr\/reservation\/#breadcrumb","itemListElement":[{"@type":"ListItem","position":1,"name":"Accueil","item":"https:\/\/parisrunningtour.com\/fr\/"},{"@type":"ListItem","position":2,"name":"R\u00c9SERVATION"}]},{"@type":"WebSite","@id":"https:\/\/parisrunningtour.com\/fr\/#website","url":"https:\/\/parisrunningtour.com\/fr\/","name":"Paris Running Tours","description":"D\u00e9couvrir Paris en courant","publisher":{"@id":"https:\/\/parisrunningtour.com\/fr\/#organization"},"potentialAction":[{"@type":"SearchAction","target":{"@type":"EntryPoint","urlTemplate":"https:\/\/parisrunningtour.com\/fr\/?s={search_term_string}"},"query-input":{"@type":"PropertyValueSpecification","valueRequired":true,"valueName":"search_term_string"}}],"inLanguage":"fr-FR"},{"@type":"Organization","@id":"https:\/\/parisrunningtour.com\/fr\/#organization","name":"Paris Running Tours","url":"https:\/\/parisrunningtour.com\/fr\/","logo":{"@type":"ImageObject","inLanguage":"fr-FR","@id":"https:\/\/parisrunningtour.com\/fr\/#\/schema\/logo\/image\/","url":"https:\/\/parisrunningtour.com\/fr\/wp-content\/uploads\/sites\/1\/2016\/12\/cropped-faviconPRT.png","contentUrl":"https:\/\/parisrunningtour.com\/fr\/wp-content\/uploads\/sites\/1\/2016\/12\/cropped-faviconPRT.png","width":512,"height":512,"caption":"Paris Running Tours"},"image":{"@id":"https:\/\/parisrunningtour.com\/fr\/#\/schema\/logo\/image\/"}}]}},"_links":{"self":[{"href":"https:\/\/parisrunningtour.com\/fr\/wp-json\/wp\/v2\/pages\/324","targetHints":{"allow":["GET"]}}],"collection":[{"href":"https:\/\/parisrunningtour.com\/fr\/wp-json\/wp\/v2\/pages"}],"about":[{"href":"https:\/\/parisrunningtour.com\/fr\/wp-json\/wp\/v2\/types\/page"}],"author":[{"embeddable":true,"href":"https:\/\/parisrunningtour.com\/fr\/wp-json\/wp\/v2\/users\/1"}],"replies":[{"embeddable":true,"href":"https:\/\/parisrunningtour.com\/fr\/wp-json\/wp\/v2\/comments?post=324"}],"version-history":[{"count":101,"href":"https:\/\/parisrunningtour.com\/fr\/wp-json\/wp\/v2\/pages\/324\/revisions"}],"predecessor-version":[{"id":5286,"href":"https:\/\/parisrunningtour.com\/fr\/wp-json\/wp\/v2\/pages\/324\/revisions\/5286"}],"wp:attachment":[{"href":"https:\/\/parisrunningtour.com\/fr\/wp-json\/wp\/v2\/media?parent=324"}],"curies":[{"name":"wp","href":"https:\/\/api.w.org\/{rel}","templated":true}]}}